{"id":426,"date":"2023-07-31T07:20:30","date_gmt":"2023-07-31T07:20:30","guid":{"rendered":"https:\/\/whateuropedreamsabout.com\/en\/?page_id=426"},"modified":"2024-05-13T21:30:21","modified_gmt":"2024-05-13T21:30:21","slug":"haralambos-janu","status":"publish","type":"page","link":"https:\/\/whateuropedreamsabout.com\/en\/haralambos-janu\/","title":{"rendered":"Charalampos Giannou"},"content":{"rendered":"<section class=\"wpb-content-wrapper\"><p>[vc_row][vc_column width=&#8221;1\/2&#8243;][vc_single_image image=&#8221;162&#8243; img_size=&#8221;large&#8221;][\/vc_column][vc_column width=&#8221;1\/2&#8243;][vc_column_text]<\/p>\n<p style=\"text-align: justify;\"><span style=\"font-size: 18px; font-family: 'Source Sans Pro', sans-serif;\"><strong>Charalampos Giannou<\/strong><\/span><\/p>\n<p>&nbsp;<\/p>\n<p style=\"text-align: left;\">I write plays<\/p>\n<p style=\"text-align: left;\">Due to an urge to do my best out of nothing<\/p>\n<p style=\"text-align: left;\">To search for light in a very dark place<\/p>\n<p style=\"text-align: left;\">In order to find a reason to speak in the middle of silence<\/p>\n<p style=\"text-align: left;\">I keep on writing<\/p>\n<p style=\"text-align: left;\">Since I still don\u2019t understand how it really works<\/p>\n<p style=\"text-align: left;\">What are the rules of the game?<\/p>\n<p style=\"text-align: left;\">How do I know when it comes to an end; is there a way not to play?<\/p>\n<p style=\"text-align: left;\">So I write a bit more<\/p>\n<p style=\"text-align: left;\">Until I am old and wise enough<\/p>\n<p style=\"text-align: left;\">Fed up or dead and gone<\/p>\n<p style=\"text-align: left;\">Until the world stops spinning<\/p>\n<p style=\"text-align: left;\">That\u2019s when I\u2019ll know it\u2019s time to stop<\/p>\n<p style=\"text-align: justify;\"><strong>\u00a0<\/strong><\/p>\n<p style=\"text-align: justify;\"><strong>Charalampos Giannou<\/strong> was born in Cyprus and is currently living in Athens, Greece. He participated in international workshops at <em>Neue Stucke aus Europa<\/em>, Wiesbaden, 2010 and <em>Obrador d\u2019Estiu- Sala Beckett<\/em>, Barcelona, 2011.<\/p>\n<p style=\"text-align: justify;\">Plays of his have been translated in English, Spanish, Polish, Romanian and Serbian, while several of them have been staged in Cyprus, Greece, Spain and Colombia.<\/p>\n<p style=\"text-align: justify;\"><em>His play <\/em><em>Hungry<\/em> received the State Prize for Best Play 2014, by the Greek Ministry of Culture.<\/p>\n<p style=\"text-align: justify;\">List of plays: <em>The Beauty and the Sleep<\/em>, 2022; <em>D<\/em><em>ue to heavy rain<\/em>, 2020; <em>The trick to loneliness,<\/em> 2018; <em>Some kid!<\/em>, 2016; <em>Home<\/em>, 2014; <em>Hungry<\/em>, 2012; <em>A Doghouse<\/em>, 2011; <em>By A Thread<\/em>, 2011; <em>Her Life as Dead<\/em>, 2011; <em>\u03a4<\/em><em>he Look of Love<\/em>, 2009; <em>Falling Down the Stairs<\/em>, 2008.<\/p>\n<p>&nbsp;<\/p>\n<p style=\"text-align: justify;\">Author: <a href=\"https:\/\/whateuropedreamsabout.com\/en\/haralambos-janu\/\">Charalampos Giannou<\/a><strong><br \/>\n<\/strong>Book: <a href=\"https:\/\/whateuropedreamsabout.com\/en\/haralambos-janu-glad\/\">HUNGER<\/a><br \/>\nTranslation from Modern Greek: <a href=\"https:\/\/whateuropedreamsabout.com\/en\/sasa-dordevic\/\">Sa\u0161a \u0110or\u0111evi\u0107<\/a><br \/>\nCover design: <a href=\"https:\/\/dinaradoman.wixsite.com\/dinaradoman\">Dina Radoman<\/a><\/p>\n<p>[\/vc_column_text][\/vc_column][\/vc_row]<\/p>\n<\/section>","protected":false},"excerpt":{"rendered":"<p>[vc_row][vc_column width=&#8221;1\/2&#8243;][vc_single_image image=&#8221;162&#8243; img_size=&#8221;large&#8221;][\/vc_column][vc_column width=&#8221;1\/2&#8243;][vc_column_text] Charalampos Giannou &nbsp; I write plays Due to an urge to do my best out of nothing To search for light in a very dark place In order to find a reason to speak in the middle of silence I keep on writing Since I still don\u2019t understand how it&hellip; <br \/> <a class=\"button small blue\" href=\"https:\/\/whateuropedreamsabout.com\/en\/haralambos-janu\/\">Read more<\/a><\/p>\n","protected":false},"author":1,"featured_media":162,"parent":0,"menu_order":0,"comment_status":"closed","ping_status":"closed","template":"","meta":{"footnotes":""},"class_list":["post-426","page","type-page","status-publish","has-post-thumbnail","hentry"],"_links":{"self":[{"href":"https:\/\/whateuropedreamsabout.com\/en\/wp-json\/wp\/v2\/pages\/426","targetHints":{"allow":["GET"]}}],"collection":[{"href":"https:\/\/whateuropedreamsabout.com\/en\/wp-json\/wp\/v2\/pages"}],"about":[{"href":"https:\/\/whateuropedreamsabout.com\/en\/wp-json\/wp\/v2\/types\/page"}],"author":[{"embeddable":true,"href":"https:\/\/whateuropedreamsabout.com\/en\/wp-json\/wp\/v2\/users\/1"}],"replies":[{"embeddable":true,"href":"https:\/\/whateuropedreamsabout.com\/en\/wp-json\/wp\/v2\/comments?post=426"}],"version-history":[{"count":11,"href":"https:\/\/whateuropedreamsabout.com\/en\/wp-json\/wp\/v2\/pages\/426\/revisions"}],"predecessor-version":[{"id":742,"href":"https:\/\/whateuropedreamsabout.com\/en\/wp-json\/wp\/v2\/pages\/426\/revisions\/742"}],"wp:featuredmedia":[{"embeddable":true,"href":"https:\/\/whateuropedreamsabout.com\/en\/wp-json\/wp\/v2\/media\/162"}],"wp:attachment":[{"href":"https:\/\/whateuropedreamsabout.com\/en\/wp-json\/wp\/v2\/media?parent=426"}],"curies":[{"name":"wp","href":"https:\/\/api.w.org\/{rel}","templated":true}]}}