{"id":429,"date":"2023-07-31T07:29:21","date_gmt":"2023-07-31T07:29:21","guid":{"rendered":"https:\/\/whateuropedreamsabout.com\/en\/?page_id=429"},"modified":"2024-06-26T12:42:39","modified_gmt":"2024-06-26T12:42:39","slug":"haralambos-janu-glad","status":"publish","type":"page","link":"https:\/\/whateuropedreamsabout.com\/en\/haralambos-janu-glad\/","title":{"rendered":"Charalampos Giannou &#8211; Hunger"},"content":{"rendered":"<section class=\"wpb-content-wrapper\"><p>[vc_row][vc_column width=&#8221;1\/2&#8243;][vc_single_image image=&#8221;153&#8243; img_size=&#8221;large&#8221;][\/vc_column][vc_column width=&#8221;1\/2&#8243;][vc_column_text]<\/p>\n<p style=\"text-align: center;\"><a href=\"https:\/\/whateuropedreamsabout.com\/en\/haralambos-janu\">Charalampos Giannou<\/a><\/p>\n<p style=\"text-align: center;\">HUNGER<\/p>\n<p style=\"text-align: center;\">Translated from Modern Greek by <a href=\"https:\/\/whateuropedreamsabout.com\/en\/sasa-dordevic\">Sa\u0161a \u0110or\u0111evi\u0107<\/a><\/p>\n<p style=\"text-align: center;\">Cover Design by <a href=\"https:\/\/dinaradoman.wixsite.com\/dinaradoman\">Dina Radoman<\/a><\/p>\n<p style=\"text-align: justify;\">&#8220;Hunger&#8221; is a book that contains two plays by the multi-award-winning Cypriot writer Charalampos Giannou. Both plays problematize the lack of communication within the family, as well as the consequences of mutual misunderstanding among its members.<\/p>\n<p style=\"text-align: justify;\">The play &#8220;Hunger&#8221; strongly infused with dark humor, focuses on anxious parents and their almost grown-up son. The lack of understanding among the family members and their failure to recognize each other&#8217;s most basic needs lead to completely unexpected, absurd situations and uproariously funny but simultaneously tragic outcomes.<\/p>\n<p style=\"text-align: justify;\">Through the play &#8220;Home&#8221; Giannou also observes the dynamics of family relationships, but this time in a significantly more realistic manner. After years of absence, the elder son returns to the family home where everything seems the same and almost normal. However, what remains unspoken is much more powerful than what is said. What lingers in the air can be almost lethal. We are constantly left questioning, needing to understand, while Giannou skillfully builds tension from silence. And catharsis? It will never come.<\/p>\n<p>[\/vc_column_text][vc_column_text]<\/p>\n<p style=\"text-align: center;\"><span style=\"color: #003366;\"><em>Flip through the book<\/em><\/span><\/p>\n<p>[\/vc_column_text][vc_column_text]<\/p>\n<p style=\"text-align: center;\">      <script type=\"text\/javascript\">\r\n        if(!window.FB3D_CLIENT_LOCALE) {\r\n          window.PDFJS_LOCALE={\"pdfJsLib\":\"https:\\\/\\\/whateuropedreamsabout.com\\\/en\\\/wp-content\\\/plugins\\\/interactive-3d-flipbook-powered-physics-engine\\\/assets\\\/js\\\/pdf.min.js?ver=4.3.136\",\"pdfJsWorker\":\"https:\\\/\\\/whateuropedreamsabout.com\\\/en\\\/wp-content\\\/plugins\\\/interactive-3d-flipbook-powered-physics-engine\\\/assets\\\/js\\\/pdf.worker.js?ver=4.3.136\",\"stablePdfJsLib\":\"https:\\\/\\\/whateuropedreamsabout.com\\\/en\\\/wp-content\\\/plugins\\\/interactive-3d-flipbook-powered-physics-engine\\\/assets\\\/js\\\/stable\\\/pdf.min.js?ver=2.5.207\",\"stablePdfJsWorker\":\"https:\\\/\\\/whateuropedreamsabout.com\\\/en\\\/wp-content\\\/plugins\\\/interactive-3d-flipbook-powered-physics-engine\\\/assets\\\/js\\\/stable\\\/pdf.worker.js?ver=2.5.207\",\"pdfJsCMapUrl\":\"https:\\\/\\\/whateuropedreamsabout.com\\\/en\\\/wp-content\\\/plugins\\\/interactive-3d-flipbook-powered-physics-engine\\\/assets\\\/cmaps\\\/\"};\r\n          window.FB3D_LOCALE={\"dictionary\":{\"Table of contents\":\"Table of contents\",\"Close\":\"Close\",\"Bookmarks\":\"Bookmarks\",\"Thumbnails\":\"Thumbnails\",\"Search\":\"Search\",\"Share\":\"Share\",\"Facebook\":\"Facebook\",\"Twitter\":\"Twitter\",\"Email\":\"Email\",\"Play\":\"Play\",\"Previous page\":\"Previous page\",\"Next page\":\"Next page\",\"Zoom in\":\"Zoom in\",\"Zoom out\":\"Zoom out\",\"Fit view\":\"Fit view\",\"Auto play\":\"Auto play\",\"Full screen\":\"Full screen\",\"More\":\"More\",\"Smart pan\":\"Smart pan\",\"Single page\":\"Single page\",\"Sounds\":\"Sounds\",\"Stats\":\"Stats\",\"Print\":\"Print\",\"Download\":\"Download\",\"Goto first page\":\"Goto first page\",\"Goto last page\":\"Goto last page\"}};\r\n          window.FB3D_CLIENT_LOCALE={\"key\":\"3d-flip-book\",\"ajaxurl\":\"https:\\\/\\\/whateuropedreamsabout.com\\\/en\\\/wp-admin\\\/admin-ajax.php\",\"pluginsurl\":\"https:\\\/\\\/whateuropedreamsabout.com\\\/en\\\/wp-content\\\/plugins\\\/\",\"images\":\"https:\\\/\\\/whateuropedreamsabout.com\\\/en\\\/wp-content\\\/plugins\\\/interactive-3d-flipbook-powered-physics-engine\\\/assets\\\/images\\\/\",\"jsData\":{\"urls\":[],\"posts\":{\"ids_mis\":[],\"ids\":[]},\"pages\":[],\"firstPages\":[],\"bookCtrlProps\":[],\"bookTemplates\":[]},\"thumbnailSize\":{\"width\":\"150\",\"height\":\"150\"}};\r\n          function fb3dFetch(url) {\r\n            return new Promise(function(resolve, reject) {\r\n              jQuery.get(url, resolve).fail(reject);\r\n            });\r\n          }\r\n          function fb3dClientScriptsLoader() {\r\n            if(window.jQuery) {\r\n              var isStable = !Promise.withResolvers || \/^((?!chrome|android).)*safari\/i.test(navigator.userAgent), pdfJs = PDFJS_LOCALE;\r\n              window.PDFJS_LOCALE={pdfJsCMapUrl: pdfJs.pdfJsCMapUrl, pdfJsWorker: isStable? pdfJs.stablePdfJsWorker: pdfJs.pdfJsWorker};\r\n              Promise.all([\r\n                fb3dFetch('https:\/\/whateuropedreamsabout.com\/en\/wp-content\/plugins\/interactive-3d-flipbook-powered-physics-engine\/assets\/css\/client.css?ver=1.16.8'),\r\n                fb3dFetch('https:\/\/whateuropedreamsabout.com\/en\/wp-content\/plugins\/interactive-3d-flipbook-powered-physics-engine\/assets\/js\/skins-cache.js?ver=1.16.8'),\r\n                fb3dFetch(isStable? pdfJs.stablePdfJsLib: pdfJs.pdfJsLib),\r\n                fb3dFetch('https:\/\/whateuropedreamsabout.com\/en\/wp-content\/plugins\/interactive-3d-flipbook-powered-physics-engine\/assets\/js\/three.min.js?ver=125'),\r\n                fb3dFetch('https:\/\/whateuropedreamsabout.com\/en\/wp-content\/plugins\/interactive-3d-flipbook-powered-physics-engine\/assets\/js\/html2canvas.min.js?ver=0.5'),\r\n                fb3dFetch('https:\/\/whateuropedreamsabout.com\/en\/wp-content\/plugins\/interactive-3d-flipbook-powered-physics-engine\/assets\/js\/client.min.js?ver=1.16.8'),\r\n              ]).then(function(fs) {\r\n                jQuery('head').append(['<style type=\"text\/css\">', fs[0], '<\/style>'].join(''));\r\n                for(var i = 1; i<fs.length; ++i) {\r\n                  eval(fs[i]);\r\n                }\r\n              });\r\n            }\r\n            else {\r\n              setTimeout(fb3dClientScriptsLoader, 100);\r\n            }\r\n          }\r\n          fb3dClientScriptsLoader();\r\n        }\r\n      <\/script>\r\n      <div class=\"_3d-flip-book  fb3d-fullscreen-mode full-size\" data-id=\"438\" data-mode=\"fullscreen\" data-title=\"false\" data-template=\"short-white-book-view\" data-lightbox=\"dark-shadow\" data-urlparam=\"fb3d-page\" data-page-n=\"0\" data-pdf=\"\" data-tax=\"null\" data-thumbnail=\"\" data-cols=\"3\" data-book-template=\"default\" data-trigger=\"\"><\/div><script type=\"text\/javascript\">window.FB3D_CLIENT_DATA = window.FB3D_CLIENT_DATA || [];window.FB3D_CLIENT_DATA.push('eyJwb3N0cyI6eyI0MzgiOnsiSUQiOjQzOCwidGl0bGUiOiJIYXJhbGFtYm9zIEphbnUtR2xhZCIsInR5cGUiOiJwZGYiLCJyZWFkeV9mdW5jdGlvbiI6IiIsImJvb2tfc3R5bGUiOiJmbGF0IiwiYm9va190ZW1wbGF0ZSI6Im5vbmUiLCJvdXRsaW5lIjpbXSwiZGF0YSI6eyJwb3N0X0lEIjoiNDM5IiwiZ3VpZCI6Imh0dHBzOlwvXC93aGF0ZXVyb3BlZHJlYW1zYWJvdXQuY29tXC9lblwvd3AtY29udGVudFwvdXBsb2Fkc1wvMjAyM1wvMDdcLzAxLUdsYWQtMTYtc3RyYW5hLnBkZiIsInBkZl9wYWdlcyI6IjE2IiwicGFnZXNfY3VzdG9taXphdGlvbiI6ImFsbCJ9LCJ0aHVtYm5haWwiOnsiZGF0YSI6eyJwb3N0X0lEIjoiMCJ9LCJ0eXBlIjoiYXV0byJ9LCJwcm9wcyI6eyJiYWNrZ3JvdW5kQ29sb3IiOiJhdXRvIiwiYmFja2dyb3VuZEltYWdlIjoiYXV0byIsImJhY2tncm91bmRTdHlsZSI6ImF1dG8iLCJoaWdobGlnaHRMaW5rcyI6ImF1dG8iLCJsaWdodGluZyI6ImF1dG8iLCJjYWNoZWRQYWdlcyI6ImF1dG8iLCJyZW5kZXJJbmFjdGl2ZVBhZ2VzIjoiYXV0byIsInJlbmRlckluYWN0aXZlUGFnZXNPbk1vYmlsZSI6ImF1dG8iLCJyZW5kZXJXaGlsZUZsaXBwaW5nIjoiYXV0byIsInByZWxvYWRQYWdlcyI6ImF1dG8iLCJhdXRvUGxheUR1cmF0aW9uIjoiYXV0byIsInJ0bCI6ImF1dG8iLCJpbnRlcmFjdGl2ZUNvcm5lcnMiOiJhdXRvIiwibWF4RGVwdGgiOiJhdXRvIiwic2hlZXQiOnsic3RhcnRWZWxvY2l0eSI6ImF1dG8iLCJ3YXZlIjoiYXV0byIsInNoYXBlIjoiYXV0byIsIndpZHRoVGV4ZWxzIjoiYXV0byIsImNvbG9yIjoiYXV0byIsInNpZGUiOiJhdXRvIiwiY29ybmVyRGV2aWF0aW9uIjoiYXV0byIsImZsZXhpYmlsaXR5IjoiYXV0byIsImZsZXhpYmxlQ29ybmVyIjoiYXV0byIsImJlbmRpbmciOiJhdXRvIiwiaGVpZ2h0VGV4ZWxzIjoiYXV0byJ9LCJjb3ZlciI6eyJ3YXZlIjoiYXV0byIsImNvbG9yIjoiYXV0byIsInNpZGUiOiJhdXRvIiwiYmluZGVyVGV4dHVyZSI6ImF1dG8iLCJkZXB0aCI6ImF1dG8iLCJwYWRkaW5nIjoiYXV0byIsInN0YXJ0VmVsb2NpdHkiOiJhdXRvIiwiZmxleGliaWxpdHkiOiJhdXRvIiwiZmxleGlibGVDb3JuZXIiOiJhdXRvIiwiYmVuZGluZyI6ImF1dG8iLCJ3aWR0aFRleGVscyI6ImF1dG8iLCJoZWlnaHRUZXhlbHMiOiJhdXRvIiwibWFzcyI6ImF1dG8iLCJzaGFwZSI6ImF1dG8ifSwicGFnZSI6eyJ3YXZlIjoiYXV0byIsImNvbG9yIjoiYXV0byIsInNpZGUiOiJhdXRvIiwiZGVwdGgiOiJhdXRvIiwic3RhcnRWZWxvY2l0eSI6ImF1dG8iLCJmbGV4aWJpbGl0eSI6ImF1dG8iLCJmbGV4aWJsZUNvcm5lciI6ImF1dG8iLCJiZW5kaW5nIjoiYXV0byIsIndpZHRoVGV4ZWxzIjoiYXV0byIsImhlaWdodFRleGVscyI6ImF1dG8iLCJtYXNzIjoiYXV0byIsInNoYXBlIjoiYXV0byJ9LCJoZWlnaHQiOiJhdXRvIiwid2lkdGgiOiJhdXRvIiwiZ3Jhdml0eSI6ImF1dG8iLCJwYWdlc0ZvclByZWRpY3RpbmciOiJhdXRvIn0sImNvbnRyb2xQcm9wcyI6eyJhY3Rpb25zIjp7ImNtZFRvYyI6eyJlbmFibGVkIjoiYXV0byIsImVuYWJsZWRJbk5hcnJvdyI6ImF1dG8iLCJhY3RpdmUiOiJhdXRvIiwiZGVmYXVsdFRhYiI6ImF1dG8ifSwiY21kQXV0b1BsYXkiOnsiZW5hYmxlZCI6ImF1dG8iLCJlbmFibGVkSW5OYXJyb3ciOiJhdXRvIiwiYWN0aXZlIjoiYXV0byJ9LCJjbWRTYXZlIjp7ImVuYWJsZWQiOiJhdXRvIiwiZW5hYmxlZEluTmFycm93IjoiYXV0byJ9LCJjbWRQcmludCI6eyJlbmFibGVkIjoiYXV0byIsImVuYWJsZWRJbk5hcnJvdyI6ImF1dG8ifSwiY21kU2luZ2xlUGFnZSI6eyJlbmFibGVkIjoiYXV0byIsImVuYWJsZWRJbk5hcnJvdyI6ImF1dG8iLCJhY3RpdmUiOiJhdXRvIiwiYWN0aXZlRm9yTW9iaWxlIjoiYXV0byJ9LCJ3aWRUb29sYmFyIjp7ImVuYWJsZWQiOiJhdXRvIiwiZW5hYmxlZEluTmFycm93IjoiYXV0byJ9fX0sImF1dG9UaHVtYm5haWwiOiJodHRwczpcL1wvd2hhdGV1cm9wZWRyZWFtc2Fib3V0LmNvbVwvZW5cL3dwLWNvbnRlbnRcL3VwbG9hZHNcLzNkLWZsaXAtYm9va1wvYXV0by10aHVtYm5haWxzXC80MzgucG5nIiwicG9zdF9uYW1lIjoiaGFyYWxhbWJvcy1qYW51LWdsYWQiLCJwb3N0X3R5cGUiOiIzZC1mbGlwLWJvb2sifX0sInBhZ2VzIjp7IjQzOCI6W3sicGFnZV9JRCI6IjEiLCJwYWdlX3Bvc3RfSUQiOiI0MzgiLCJwYWdlX3RpdGxlIjoiIiwicGFnZV9zb3VyY2VfdHlwZSI6InBkZiIsInBhZ2Vfc291cmNlX2RhdGEiOnsibnVtYmVyIjoiMCIsImludGVyYWN0aXZlIjoiMCJ9LCJwYWdlX3RodW1ibmFpbF90eXBlIjoiYXV0byIsInBhZ2VfdGh1bWJuYWlsX2RhdGEiOnsicG9zdF9JRCI6IjAifSwicGFnZV9tZXRhX2RhdGEiOnsiY3NzX2xheWVyIjp7ImNzcyI6IiIsImh0bWwiOiIiLCJqcyI6IiJ9fSwicGFnZV9udW1iZXIiOiIwIn0seyJwYWdlX0lEIjoiMiIsInBhZ2VfcG9zdF9JRCI6IjQzOCIsInBhZ2VfdGl0bGUiOiIiLCJwYWdlX3NvdXJjZV90eXBlIjoicGRmIiwicGFnZV9zb3VyY2VfZGF0YSI6eyJudW1iZXIiOiIxIiwiaW50ZXJhY3RpdmUiOiIwIn0sInBhZ2VfdGh1bWJuYWlsX3R5cGUiOiJhdXRvIiwicGFnZV90aHVtYm5haWxfZGF0YSI6eyJwb3N0X0lEIjoiMCJ9LCJwYWdlX21ldGFfZGF0YSI6eyJjc3NfbGF5ZXIiOnsiY3NzIjoiIiwiaHRtbCI6IiIsImpzIjoiIn19LCJwYWdlX251bWJlciI6IjEifSx7InBhZ2VfSUQiOiIzIiwicGFnZV9wb3N0X0lEIjoiNDM4IiwicGFnZV90aXRsZSI6IiIsInBhZ2Vfc291cmNlX3R5cGUiOiJwZGYiLCJwYWdlX3NvdXJjZV9kYXRhIjp7Im51bWJlciI6IjIiLCJpbnRlcmFjdGl2ZSI6IjAifSwicGFnZV90aHVtYm5haWxfdHlwZSI6ImF1dG8iLCJwYWdlX3RodW1ibmFpbF9kYXRhIjp7InBvc3RfSUQiOiIwIn0sInBhZ2VfbWV0YV9kYXRhIjp7ImNzc19sYXllciI6eyJjc3MiOiIiLCJodG1sIjoiIiwianMiOiIifX0sInBhZ2VfbnVtYmVyIjoiMiJ9LHsicGFnZV9JRCI6IjQiLCJwYWdlX3Bvc3RfSUQiOiI0MzgiLCJwYWdlX3RpdGxlIjoiIiwicGFnZV9zb3VyY2VfdHlwZSI6InBkZiIsInBhZ2Vfc291cmNlX2RhdGEiOnsibnVtYmVyIjoiMyIsImludGVyYWN0aXZlIjoiMCJ9LCJwYWdlX3RodW1ibmFpbF90eXBlIjoiYXV0byIsInBhZ2VfdGh1bWJuYWlsX2RhdGEiOnsicG9zdF9JRCI6IjAifSwicGFnZV9tZXRhX2RhdGEiOnsiY3NzX2xheWVyIjp7ImNzcyI6IiIsImh0bWwiOiIiLCJqcyI6IiJ9fSwicGFnZV9udW1iZXIiOiIzIn0seyJwYWdlX0lEIjoiNSIsInBhZ2VfcG9zdF9JRCI6IjQzOCIsInBhZ2VfdGl0bGUiOiIiLCJwYWdlX3NvdXJjZV90eXBlIjoicGRmIiwicGFnZV9zb3VyY2VfZGF0YSI6eyJudW1iZXIiOiI0IiwiaW50ZXJhY3RpdmUiOiIwIn0sInBhZ2VfdGh1bWJuYWlsX3R5cGUiOiJhdXRvIiwicGFnZV90aHVtYm5haWxfZGF0YSI6eyJwb3N0X0lEIjoiMCJ9LCJwYWdlX21ldGFfZGF0YSI6eyJjc3NfbGF5ZXIiOnsiY3NzIjoiIiwiaHRtbCI6IiIsImpzIjoiIn19LCJwYWdlX251bWJlciI6IjQifSx7InBhZ2VfSUQiOiI2IiwicGFnZV9wb3N0X0lEIjoiNDM4IiwicGFnZV90aXRsZSI6IiIsInBhZ2Vfc291cmNlX3R5cGUiOiJwZGYiLCJwYWdlX3NvdXJjZV9kYXRhIjp7Im51bWJlciI6IjUiLCJpbnRlcmFjdGl2ZSI6IjAifSwicGFnZV90aHVtYm5haWxfdHlwZSI6ImF1dG8iLCJwYWdlX3RodW1ibmFpbF9kYXRhIjp7InBvc3RfSUQiOiIwIn0sInBhZ2VfbWV0YV9kYXRhIjp7ImNzc19sYXllciI6eyJjc3MiOiIiLCJodG1sIjoiIiwianMiOiIifX0sInBhZ2VfbnVtYmVyIjoiNSJ9LHsicGFnZV9JRCI6IjciLCJwYWdlX3Bvc3RfSUQiOiI0MzgiLCJwYWdlX3RpdGxlIjoiIiwicGFnZV9zb3VyY2VfdHlwZSI6InBkZiIsInBhZ2Vfc291cmNlX2RhdGEiOnsibnVtYmVyIjoiNiIsImludGVyYWN0aXZlIjoiMCJ9LCJwYWdlX3RodW1ibmFpbF90eXBlIjoiYXV0byIsInBhZ2VfdGh1bWJuYWlsX2RhdGEiOnsicG9zdF9JRCI6IjAifSwicGFnZV9tZXRhX2RhdGEiOnsiY3NzX2xheWVyIjp7ImNzcyI6IiIsImh0bWwiOiIiLCJqcyI6IiJ9fSwicGFnZV9udW1iZXIiOiI2In0seyJwYWdlX0lEIjoiOCIsInBhZ2VfcG9zdF9JRCI6IjQzOCIsInBhZ2VfdGl0bGUiOiIiLCJwYWdlX3NvdXJjZV90eXBlIjoicGRmIiwicGFnZV9zb3VyY2VfZGF0YSI6eyJudW1iZXIiOiI3IiwiaW50ZXJhY3RpdmUiOiIwIn0sInBhZ2VfdGh1bWJuYWlsX3R5cGUiOiJhdXRvIiwicGFnZV90aHVtYm5haWxfZGF0YSI6eyJwb3N0X0lEIjoiMCJ9LCJwYWdlX21ldGFfZGF0YSI6eyJjc3NfbGF5ZXIiOnsiY3NzIjoiIiwiaHRtbCI6IiIsImpzIjoiIn19LCJwYWdlX251bWJlciI6IjcifSx7InBhZ2VfSUQiOiI5IiwicGFnZV9wb3N0X0lEIjoiNDM4IiwicGFnZV90aXRsZSI6IiIsInBhZ2Vfc291cmNlX3R5cGUiOiJwZGYiLCJwYWdlX3NvdXJjZV9kYXRhIjp7Im51bWJlciI6IjgiLCJpbnRlcmFjdGl2ZSI6IjAifSwicGFnZV90aHVtYm5haWxfdHlwZSI6ImF1dG8iLCJwYWdlX3RodW1ibmFpbF9kYXRhIjp7InBvc3RfSUQiOiIwIn0sInBhZ2VfbWV0YV9kYXRhIjp7ImNzc19sYXllciI6eyJjc3MiOiIiLCJodG1sIjoiIiwianMiOiIifX0sInBhZ2VfbnVtYmVyIjoiOCJ9LHsicGFnZV9JRCI6IjEwIiwicGFnZV9wb3N0X0lEIjoiNDM4IiwicGFnZV90aXRsZSI6IiIsInBhZ2Vfc291cmNlX3R5cGUiOiJwZGYiLCJwYWdlX3NvdXJjZV9kYXRhIjp7Im51bWJlciI6IjkiLCJpbnRlcmFjdGl2ZSI6IjAifSwicGFnZV90aHVtYm5haWxfdHlwZSI6ImF1dG8iLCJwYWdlX3RodW1ibmFpbF9kYXRhIjp7InBvc3RfSUQiOiIwIn0sInBhZ2VfbWV0YV9kYXRhIjp7ImNzc19sYXllciI6eyJjc3MiOiIiLCJodG1sIjoiIiwianMiOiIifX0sInBhZ2VfbnVtYmVyIjoiOSJ9LHsicGFnZV9JRCI6IjExIiwicGFnZV9wb3N0X0lEIjoiNDM4IiwicGFnZV90aXRsZSI6IiIsInBhZ2Vfc291cmNlX3R5cGUiOiJwZGYiLCJwYWdlX3NvdXJjZV9kYXRhIjp7Im51bWJlciI6IjEwIiwiaW50ZXJhY3RpdmUiOiIwIn0sInBhZ2VfdGh1bWJuYWlsX3R5cGUiOiJhdXRvIiwicGFnZV90aHVtYm5haWxfZGF0YSI6eyJwb3N0X0lEIjoiMCJ9LCJwYWdlX21ldGFfZGF0YSI6eyJjc3NfbGF5ZXIiOnsiY3NzIjoiIiwiaHRtbCI6IiIsImpzIjoiIn19LCJwYWdlX251bWJlciI6IjEwIn0seyJwYWdlX0lEIjoiMTIiLCJwYWdlX3Bvc3RfSUQiOiI0MzgiLCJwYWdlX3RpdGxlIjoiIiwicGFnZV9zb3VyY2VfdHlwZSI6InBkZiIsInBhZ2Vfc291cmNlX2RhdGEiOnsibnVtYmVyIjoiMTEiLCJpbnRlcmFjdGl2ZSI6IjAifSwicGFnZV90aHVtYm5haWxfdHlwZSI6ImF1dG8iLCJwYWdlX3RodW1ibmFpbF9kYXRhIjp7InBvc3RfSUQiOiIwIn0sInBhZ2VfbWV0YV9kYXRhIjp7ImNzc19sYXllciI6eyJjc3MiOiIiLCJodG1sIjoiIiwianMiOiIifX0sInBhZ2VfbnVtYmVyIjoiMTEifSx7InBhZ2VfSUQiOiIxMyIsInBhZ2VfcG9zdF9JRCI6IjQzOCIsInBhZ2VfdGl0bGUiOiIiLCJwYWdlX3NvdXJjZV90eXBlIjoicGRmIiwicGFnZV9zb3VyY2VfZGF0YSI6eyJudW1iZXIiOiIxMiIsImludGVyYWN0aXZlIjoiMCJ9LCJwYWdlX3RodW1ibmFpbF90eXBlIjoiYXV0byIsInBhZ2VfdGh1bWJuYWlsX2RhdGEiOnsicG9zdF9JRCI6IjAifSwicGFnZV9tZXRhX2RhdGEiOnsiY3NzX2xheWVyIjp7ImNzcyI6IiIsImh0bWwiOiIiLCJqcyI6IiJ9fSwicGFnZV9udW1iZXIiOiIxMiJ9LHsicGFnZV9JRCI6IjE0IiwicGFnZV9wb3N0X0lEIjoiNDM4IiwicGFnZV90aXRsZSI6IiIsInBhZ2Vfc291cmNlX3R5cGUiOiJwZGYiLCJwYWdlX3NvdXJjZV9kYXRhIjp7Im51bWJlciI6IjEzIiwiaW50ZXJhY3RpdmUiOiIwIn0sInBhZ2VfdGh1bWJuYWlsX3R5cGUiOiJhdXRvIiwicGFnZV90aHVtYm5haWxfZGF0YSI6eyJwb3N0X0lEIjoiMCJ9LCJwYWdlX21ldGFfZGF0YSI6eyJjc3NfbGF5ZXIiOnsiY3NzIjoiIiwiaHRtbCI6IiIsImpzIjoiIn19LCJwYWdlX251bWJlciI6IjEzIn0seyJwYWdlX0lEIjoiMTUiLCJwYWdlX3Bvc3RfSUQiOiI0MzgiLCJwYWdlX3RpdGxlIjoiIiwicGFnZV9zb3VyY2VfdHlwZSI6InBkZiIsInBhZ2Vfc291cmNlX2RhdGEiOnsibnVtYmVyIjoiMTQiLCJpbnRlcmFjdGl2ZSI6IjAifSwicGFnZV90aHVtYm5haWxfdHlwZSI6ImF1dG8iLCJwYWdlX3RodW1ibmFpbF9kYXRhIjp7InBvc3RfSUQiOiIwIn0sInBhZ2VfbWV0YV9kYXRhIjp7ImNzc19sYXllciI6eyJjc3MiOiIiLCJodG1sIjoiIiwianMiOiIifX0sInBhZ2VfbnVtYmVyIjoiMTQifSx7InBhZ2VfSUQiOiIxNiIsInBhZ2VfcG9zdF9JRCI6IjQzOCIsInBhZ2VfdGl0bGUiOiIiLCJwYWdlX3NvdXJjZV90eXBlIjoicGRmIiwicGFnZV9zb3VyY2VfZGF0YSI6eyJudW1iZXIiOiIxNSIsImludGVyYWN0aXZlIjoiMCJ9LCJwYWdlX3RodW1ibmFpbF90eXBlIjoiYXV0byIsInBhZ2VfdGh1bWJuYWlsX2RhdGEiOnsicG9zdF9JRCI6IjAifSwicGFnZV9tZXRhX2RhdGEiOnsiY3NzX2xheWVyIjp7ImNzcyI6IiIsImh0bWwiOiIiLCJqcyI6IiJ9fSwicGFnZV9udW1iZXIiOiIxNSJ9XX0sImZpcnN0UGFnZXMiOltdfQ==');FB3D_CLIENT_LOCALE.render && FB3D_CLIENT_LOCALE.render();<\/script><\/p>\n<p>[\/vc_column_text][vc_btn title=&#8221;Buy a book&#8221; color=&#8221;juicy-pink&#8221; align=&#8221;center&#8221; link=&#8221;url:https%3A%2F%2Ftrecitrg.rs%2Fproizvod%2Fglad%2F|title:Glad|target:_blank&#8221;][\/vc_column][\/vc_row]<\/p>\n<\/section>","protected":false},"excerpt":{"rendered":"<p>[vc_row][vc_column width=&#8221;1\/2&#8243;][vc_single_image image=&#8221;153&#8243; img_size=&#8221;large&#8221;][\/vc_column][vc_column width=&#8221;1\/2&#8243;][vc_column_text] Charalampos Giannou HUNGER Translated from Modern Greek by Sa\u0161a \u0110or\u0111evi\u0107 Cover Design by Dina Radoman &#8220;Hunger&#8221; is a book that contains two plays by the multi-award-winning Cypriot writer Charalampos Giannou. Both plays problematize the lack of communication within the family, as well as the consequences of mutual misunderstanding among its&hellip; <br \/> <a class=\"button small blue\" href=\"https:\/\/whateuropedreamsabout.com\/en\/haralambos-janu-glad\/\">Read more<\/a><\/p>\n","protected":false},"author":1,"featured_media":153,"parent":0,"menu_order":0,"comment_status":"closed","ping_status":"closed","template":"","meta":{"footnotes":""},"class_list":["post-429","page","type-page","status-publish","has-post-thumbnail","hentry"],"_links":{"self":[{"href":"https:\/\/whateuropedreamsabout.com\/en\/wp-json\/wp\/v2\/pages\/429","targetHints":{"allow":["GET"]}}],"collection":[{"href":"https:\/\/whateuropedreamsabout.com\/en\/wp-json\/wp\/v2\/pages"}],"about":[{"href":"https:\/\/whateuropedreamsabout.com\/en\/wp-json\/wp\/v2\/types\/page"}],"author":[{"embeddable":true,"href":"https:\/\/whateuropedreamsabout.com\/en\/wp-json\/wp\/v2\/users\/1"}],"replies":[{"embeddable":true,"href":"https:\/\/whateuropedreamsabout.com\/en\/wp-json\/wp\/v2\/comments?post=429"}],"version-history":[{"count":34,"href":"https:\/\/whateuropedreamsabout.com\/en\/wp-json\/wp\/v2\/pages\/429\/revisions"}],"predecessor-version":[{"id":783,"href":"https:\/\/whateuropedreamsabout.com\/en\/wp-json\/wp\/v2\/pages\/429\/revisions\/783"}],"wp:featuredmedia":[{"embeddable":true,"href":"https:\/\/whateuropedreamsabout.com\/en\/wp-json\/wp\/v2\/media\/153"}],"wp:attachment":[{"href":"https:\/\/whateuropedreamsabout.com\/en\/wp-json\/wp\/v2\/media?parent=429"}],"curies":[{"name":"wp","href":"https:\/\/api.w.org\/{rel}","templated":true}]}}