{"id":569,"date":"2023-08-01T18:08:22","date_gmt":"2023-08-01T18:08:22","guid":{"rendered":"https:\/\/whateuropedreamsabout.com\/en\/?page_id=569"},"modified":"2024-06-26T13:05:36","modified_gmt":"2024-06-26T13:05:36","slug":"rados-kosovic","status":"publish","type":"page","link":"https:\/\/whateuropedreamsabout.com\/en\/rados-kosovic\/","title":{"rendered":"Rado\u0161 Kosovi\u0107"},"content":{"rendered":"<section class=\"wpb-content-wrapper\"><p>[vc_row][vc_column width=&#8221;1\/2&#8243;][vc_single_image image=&#8221;570&#8243; img_size=&#8221;large&#8221;][\/vc_column][vc_column width=&#8221;1\/2&#8243;][vc_column_text]<\/p>\n<p style=\"text-align: left;\"><strong>Rado\u0161 Kosovi\u0107<\/strong><\/p>\n<p>&nbsp;<\/p>\n<p style=\"text-align: justify;\">Rado\u0161 Kosovi\u0107 was born 1984. in Belgrade. He finished his bachelor studies in scandinavian languages and literature at the Belgrade University, and his master studies in scandinavian languages and literature at Agder University, Kristiansand, Norway. He currently lives in Belgrade and works as a literary translator.<\/p>\n<p style=\"text-align: justify;\">From norwegian he has translated the prose works of Erlend Loe, Karl Ove Knausg\u00e5rd, Jon Fosse, Jostein Gaarder, Jens Bj\u00f8rneboe, Alexander Kielland, Merethe Lindstr\u00f8m, Jo Nesb\u00f8, Maria Parr, Maja Lunde, Linn Ullmann, Gunnstein Bakke, Nina Lykke, Geir Gulliksen, Tor Ulven, Maria Navarro Skaranger and Therese Tungen, the poetry of Tone H\u00f8dneb\u00f8, Kirsti Blom and Jon Fosse, the plays of Henrik Ibsen and Jon Fosse, and the philosophical essays of Espen Hammer and Lars Svendsen.<\/p>\n<p style=\"text-align: justify;\">From danish he has translated the prose works of Karen Blixen, Willy S\u00f8rensen, Herman Bang Foss, Jakob Martin Strid, Dorthe Nors, Kaspar Collinga Nielsen, Tomas Korsg\u00e5rd, Asta Olivia Nordenhof, Tove Ditlevsen, Gertrude Kiel and Tom Kristensen.<\/p>\n<p style=\"text-align: justify;\">In 2015. he has received the Milo\u0161 N. \u0110uri\u0107 award for best prose translation for Merethe Lindstr\u00f8m, <em>Dager i stillhetens historie<\/em>, and the Aleksandar I. Spasi\u0107 award for best non-fiction translation in 2013-2015 for Lars Fr. H. Svendsen, <em>Frihetens Filosofi<\/em>. In 2022. he has received the Nikola Trajkovi\u0107 award for best poetry translation in 2019-2021 for Jon Fosse, <em>Hund og engel<\/em>.<\/p>\n<p>&nbsp;<\/p>\n<p style=\"text-align: justify;\">Author: <a href=\"https:\/\/whateuropedreamsabout.com\/en\/jun-fose\/\">Jon Fosse<\/a><br \/>\nBook: <a href=\"https:\/\/whateuropedreamsabout.com\/en\/jun-fose-rambuko\/\">Rambuku &amp; Shadows<\/a><br \/>\nTranslated from Norwegian: <a href=\"https:\/\/whateuropedreamsabout.com\/en\/rados-kosovic\/\">Rado\u0161 Kosovi\u0107<\/a><br \/>\nCover design: <a href=\"https:\/\/dinaradoman.wixsite.com\/dinaradoman\">Dina Radoman<\/a><\/p>\n<p>[\/vc_column_text][\/vc_column][\/vc_row]<\/p>\n<\/section>","protected":false},"excerpt":{"rendered":"<p>[vc_row][vc_column width=&#8221;1\/2&#8243;][vc_single_image image=&#8221;570&#8243; img_size=&#8221;large&#8221;][\/vc_column][vc_column width=&#8221;1\/2&#8243;][vc_column_text] Rado\u0161 Kosovi\u0107 &nbsp; Rado\u0161 Kosovi\u0107 was born 1984. in Belgrade. He finished his bachelor studies in scandinavian languages and literature at the Belgrade University, and his master studies in scandinavian languages and literature at Agder University, Kristiansand, Norway. He currently lives in Belgrade and works as a literary translator. From&hellip; <br \/> <a class=\"button small blue\" href=\"https:\/\/whateuropedreamsabout.com\/en\/rados-kosovic\/\">Read more<\/a><\/p>\n","protected":false},"author":1,"featured_media":570,"parent":0,"menu_order":0,"comment_status":"closed","ping_status":"closed","template":"","meta":{"footnotes":""},"class_list":["post-569","page","type-page","status-publish","has-post-thumbnail","hentry"],"_links":{"self":[{"href":"https:\/\/whateuropedreamsabout.com\/en\/wp-json\/wp\/v2\/pages\/569","targetHints":{"allow":["GET"]}}],"collection":[{"href":"https:\/\/whateuropedreamsabout.com\/en\/wp-json\/wp\/v2\/pages"}],"about":[{"href":"https:\/\/whateuropedreamsabout.com\/en\/wp-json\/wp\/v2\/types\/page"}],"author":[{"embeddable":true,"href":"https:\/\/whateuropedreamsabout.com\/en\/wp-json\/wp\/v2\/users\/1"}],"replies":[{"embeddable":true,"href":"https:\/\/whateuropedreamsabout.com\/en\/wp-json\/wp\/v2\/comments?post=569"}],"version-history":[{"count":7,"href":"https:\/\/whateuropedreamsabout.com\/en\/wp-json\/wp\/v2\/pages\/569\/revisions"}],"predecessor-version":[{"id":796,"href":"https:\/\/whateuropedreamsabout.com\/en\/wp-json\/wp\/v2\/pages\/569\/revisions\/796"}],"wp:featuredmedia":[{"embeddable":true,"href":"https:\/\/whateuropedreamsabout.com\/en\/wp-json\/wp\/v2\/media\/570"}],"wp:attachment":[{"href":"https:\/\/whateuropedreamsabout.com\/en\/wp-json\/wp\/v2\/media?parent=569"}],"curies":[{"name":"wp","href":"https:\/\/api.w.org\/{rel}","templated":true}]}}