{"id":657,"date":"2023-08-09T12:11:14","date_gmt":"2023-08-09T12:11:14","guid":{"rendered":"https:\/\/whateuropedreamsabout.com\/en\/?page_id=657"},"modified":"2024-06-26T12:48:11","modified_gmt":"2024-06-26T12:48:11","slug":"kristina-ozunidis-fleeing-creatures","status":"publish","type":"page","link":"https:\/\/whateuropedreamsabout.com\/en\/kristina-ozunidis-fleeing-creatures\/","title":{"rendered":"Kristina Ozunidis  &#8211; Fleeing Creatures"},"content":{"rendered":"<section class=\"wpb-content-wrapper\"><p>[vc_row][vc_column width=&#8221;1\/2&#8243;][vc_single_image image=&#8221;534&#8243; img_size=&#8221;large&#8221;][\/vc_column][vc_column width=&#8221;1\/2&#8243;][vc_column_text]<\/p>\n<div class=\"gmail_default\" style=\"text-align: center;\"><a href=\"https:\/\/whateuropedreamsabout.com\/en\/christina-ouzounidis\/\">Christina Ouzounidis\u00a0<\/a><\/div>\n<div style=\"text-align: center;\"><\/div>\n<div class=\"gmail_default\" style=\"text-align: center;\">Fleeing Creatures<\/div>\n<div style=\"text-align: center;\"><\/div>\n<div class=\"gmail_default\" style=\"text-align: center;\">Translated from Swedish <a href=\"https:\/\/whateuropedreamsabout.com\/en\/svetlana-tot\/\">Svetlana Tot\u00a0<\/a><\/div>\n<div style=\"text-align: center;\"><\/div>\n<div class=\"gmail_default\" style=\"text-align: center;\">Cover design <a href=\"https:\/\/dinaradoman.wixsite.com\/dinaradoman\">Dina Radoman<strong><em>\u00a0<\/em><\/strong><\/a><\/div>\n<div><\/div>\n<div><\/div>\n<div><\/div>\n<p style=\"text-align: justify;\">Kao i mnoge drame Kristine Ozunidis i ovo je izvesnoj meri igra glasova. Predstava se odvija u nekoj vrsti pograni\u010dnog podru\u010dja, u vanvremenskom, ali stvarnom stanju \u010dekanja, u prostoru gde se priroda \u2014 drvec\u0301e, korenje, insekti i divlja zemlja \u2014 ogledaju u impotentnom \u010dove\u010danstvu. Priroda je ponekad pretnja, a ponekad izvor utehe i neverovatne snage, sa sopstvenim namerama i voljom koje se mogu uporediti sa gr\u010dkih bogova.<\/p>\n<p>[\/vc_column_text][\/vc_column][\/vc_row]<\/p>\n<\/section>","protected":false},"excerpt":{"rendered":"<p>[vc_row][vc_column width=&#8221;1\/2&#8243;][vc_single_image image=&#8221;534&#8243; img_size=&#8221;large&#8221;][\/vc_column][vc_column width=&#8221;1\/2&#8243;][vc_column_text] Christina Ouzounidis\u00a0 Fleeing Creatures Translated from Swedish Svetlana Tot\u00a0 Cover design Dina Radoman\u00a0 Kao i mnoge drame Kristine Ozunidis i ovo je izvesnoj meri igra glasova. Predstava se odvija u nekoj vrsti pograni\u010dnog podru\u010dja, u vanvremenskom, ali stvarnom stanju \u010dekanja, u prostoru gde se priroda \u2014 drvec\u0301e, korenje, insekti i&hellip; <br \/> <a class=\"button small blue\" href=\"https:\/\/whateuropedreamsabout.com\/en\/kristina-ozunidis-fleeing-creatures\/\">Read more<\/a><\/p>\n","protected":false},"author":1,"featured_media":0,"parent":0,"menu_order":0,"comment_status":"closed","ping_status":"closed","template":"","meta":{"footnotes":""},"class_list":["post-657","page","type-page","status-publish","hentry"],"_links":{"self":[{"href":"https:\/\/whateuropedreamsabout.com\/en\/wp-json\/wp\/v2\/pages\/657","targetHints":{"allow":["GET"]}}],"collection":[{"href":"https:\/\/whateuropedreamsabout.com\/en\/wp-json\/wp\/v2\/pages"}],"about":[{"href":"https:\/\/whateuropedreamsabout.com\/en\/wp-json\/wp\/v2\/types\/page"}],"author":[{"embeddable":true,"href":"https:\/\/whateuropedreamsabout.com\/en\/wp-json\/wp\/v2\/users\/1"}],"replies":[{"embeddable":true,"href":"https:\/\/whateuropedreamsabout.com\/en\/wp-json\/wp\/v2\/comments?post=657"}],"version-history":[{"count":3,"href":"https:\/\/whateuropedreamsabout.com\/en\/wp-json\/wp\/v2\/pages\/657\/revisions"}],"predecessor-version":[{"id":787,"href":"https:\/\/whateuropedreamsabout.com\/en\/wp-json\/wp\/v2\/pages\/657\/revisions\/787"}],"wp:attachment":[{"href":"https:\/\/whateuropedreamsabout.com\/en\/wp-json\/wp\/v2\/media?parent=657"}],"curies":[{"name":"wp","href":"https:\/\/api.w.org\/{rel}","templated":true}]}}