{"id":676,"date":"2023-08-19T20:28:07","date_gmt":"2023-08-19T20:28:07","guid":{"rendered":"https:\/\/whateuropedreamsabout.com\/en\/?page_id=676"},"modified":"2024-06-26T13:13:47","modified_gmt":"2024-06-26T13:13:47","slug":"jovan-tatic","status":"publish","type":"page","link":"https:\/\/whateuropedreamsabout.com\/en\/jovan-tatic\/","title":{"rendered":"Jovan Tati\u0107"},"content":{"rendered":"<section class=\"wpb-content-wrapper\"><p>[vc_row][vc_column width=&#8221;1\/2&#8243;][vc_single_image image=&#8221;591&#8243; img_size=&#8221;large&#8221;][\/vc_column][vc_column width=&#8221;1\/2&#8243;][vc_column_text]<\/p>\n<p style=\"text-align: justify;\">Jovan Tati\u0107<\/p>\n<p style=\"text-align: justify;\">Jovan Tati\u0107 has more than 30 years of experience in translation\/interpreting, and morethan 20 years in literary translation. He translated more than 20 novels from portuguese into Serbian, several movies and TV documentaries, and short stories. Some of the authors he translated are Jos\u00e9 Saramago, Luis Fernando Ver\u00edssimo, Dulce Maria Cardoso, Paulo Coelho, Ant\u00f3nio Lobo Antunes, Daniel Galera, Valter Hugo M\u00e3e, and others.<br \/>\nIn 2019, his translation of Daniel Galera\u2019s novel Brada natopljena krvlju (Barba Enospada de Sangue), was shortlisted for the annual \u201cMilo\u0161 \u0110uri\u0107\u201d prize, awarded for the best literary translation in Serbia. He was one of the founders of the Radoje Tati\u0107 Foundation in 2002, and is its president since 2013. The Foundation awards a biannual prize for best translation from Spanish or Portuguese into Serbian. Member of the Steering Board of the Association of Literary Translators of Serbia from 2015 to 2017.<\/p>\n<p>&nbsp;<\/p>\n<div class=\"gmail_default\" style=\"text-align: left;\">Author: <a href=\"https:\/\/whateuropedreamsabout.com\/en\/zasinto-lucas-pires\/\">Jacinto Lucas Pires<\/a><\/div>\n<div style=\"text-align: left;\"><\/div>\n<div class=\"gmail_default\" style=\"text-align: left;\">Book: <a href=\"https:\/\/whateuropedreamsabout.com\/en\/zasinto-lucas-pires-sagrada-familia\/\">Sagrada familia<\/a><\/div>\n<div style=\"text-align: left;\"><\/div>\n<div class=\"gmail_default\" style=\"text-align: left;\">Translation from Portuguese: Jovan Tati\u0107<\/div>\n<div style=\"text-align: left;\"><\/div>\n<div style=\"text-align: left;\">Cover design: <a href=\"https:\/\/dinaradoman.wixsite.com\/dinaradoman\">Dina Radoman<\/a><\/div>\n<p>[\/vc_column_text][\/vc_column][\/vc_row]<\/p>\n<\/section>","protected":false},"excerpt":{"rendered":"<p>[vc_row][vc_column width=&#8221;1\/2&#8243;][vc_single_image image=&#8221;591&#8243; img_size=&#8221;large&#8221;][\/vc_column][vc_column width=&#8221;1\/2&#8243;][vc_column_text] Jovan Tati\u0107 Jovan Tati\u0107 has more than 30 years of experience in translation\/interpreting, and morethan 20 years in literary translation. He translated more than 20 novels from portuguese into Serbian, several movies and TV documentaries, and short stories. Some of the authors he translated are Jos\u00e9 Saramago, Luis Fernando Ver\u00edssimo,&hellip; <br \/> <a class=\"button small blue\" href=\"https:\/\/whateuropedreamsabout.com\/en\/jovan-tatic\/\">Read more<\/a><\/p>\n","protected":false},"author":1,"featured_media":591,"parent":0,"menu_order":0,"comment_status":"closed","ping_status":"closed","template":"","meta":{"footnotes":""},"class_list":["post-676","page","type-page","status-publish","has-post-thumbnail","hentry"],"_links":{"self":[{"href":"https:\/\/whateuropedreamsabout.com\/en\/wp-json\/wp\/v2\/pages\/676","targetHints":{"allow":["GET"]}}],"collection":[{"href":"https:\/\/whateuropedreamsabout.com\/en\/wp-json\/wp\/v2\/pages"}],"about":[{"href":"https:\/\/whateuropedreamsabout.com\/en\/wp-json\/wp\/v2\/types\/page"}],"author":[{"embeddable":true,"href":"https:\/\/whateuropedreamsabout.com\/en\/wp-json\/wp\/v2\/users\/1"}],"replies":[{"embeddable":true,"href":"https:\/\/whateuropedreamsabout.com\/en\/wp-json\/wp\/v2\/comments?post=676"}],"version-history":[{"count":3,"href":"https:\/\/whateuropedreamsabout.com\/en\/wp-json\/wp\/v2\/pages\/676\/revisions"}],"predecessor-version":[{"id":800,"href":"https:\/\/whateuropedreamsabout.com\/en\/wp-json\/wp\/v2\/pages\/676\/revisions\/800"}],"wp:featuredmedia":[{"embeddable":true,"href":"https:\/\/whateuropedreamsabout.com\/en\/wp-json\/wp\/v2\/media\/591"}],"wp:attachment":[{"href":"https:\/\/whateuropedreamsabout.com\/en\/wp-json\/wp\/v2\/media?parent=676"}],"curies":[{"name":"wp","href":"https:\/\/api.w.org\/{rel}","templated":true}]}}