{"id":682,"date":"2023-09-07T19:02:04","date_gmt":"2023-09-07T19:02:04","guid":{"rendered":"https:\/\/whateuropedreamsabout.com\/en\/?page_id=682"},"modified":"2024-06-26T13:03:20","modified_gmt":"2024-06-26T13:03:20","slug":"david-drabek","status":"publish","type":"page","link":"https:\/\/whateuropedreamsabout.com\/en\/david-drabek\/","title":{"rendered":"David Dr\u00e1bek"},"content":{"rendered":"<section class=\"wpb-content-wrapper\"><p>[vc_row][vc_column width=&#8221;1\/2&#8243;][vc_single_image image=&#8221;464&#8243; img_size=&#8221;large&#8221;][\/vc_column][vc_column width=&#8221;1\/2&#8243;][vc_column_text]<\/p>\n<p style=\"text-align: justify;\">David Dr\u00e1bek (1970). The playwright and stage director, David Dr\u00e1bek, graduated from film and theatre studies at the Philosophical Faculty of Palacky University in Olomouc. During his university studies he founded (together with Darek Kr\u00e1l) the Ho\u0159\u00edc\u00ed \u017eifara (Burning Giraffe) theatre studio that specialized in the genre of modern cabaret. From 1996 to 2001 he worked as a playwright at the Moravian Theatre in Olomouc. Between 2001 \u2013 2003, he was in charge of the newly created alternative stage, Ho\u0159\u00edc\u00ed d\u016fm (Burning House). In 1995 he received the Alfr\u00e9d Radok Foundation Award for the Best Play of the Year for the text of Jana from the Park\u00a0and in 2003 he received the same award for the text Aquabelles\u00a0that later won the 2005 Best Czech Play of the Year Award. His play\u00a0The Coast of Bohemia Square\u00a0that ranked second in the 2007 Alfr\u00e9d Radok Awards play competition and became the Czech Play of the Year in the 2009 Alfr\u00e9d Radok Awards. Chocolate House\u00a0became the 2011 Czech Play of the Year. In 2003, V\u011btrn\u00e9 ml\u00fdny published a collection of seven of his plays, in 2011 Kosmas Publishing House released a set of ten newest author\u2019s plays entitled To Shake the Czech Pork Jowl.<\/p>\n<p style=\"text-align: justify;\">David Dr\u00e1bek is one of the most cited and transcribed playwrights, as a stage director, he is one of the creators with an unmistakable imagination.<\/p>\n<p style=\"text-align: justify;\">As an author, stage director and playwright, he worked with a number of Czech theatres, including the National Theatre and the Vinohrady Theatre and in 2005-2007 he was the full-time director of the Minor Theatre. From 2009 to June 2017 he was the artistic director of the Klicpera Theatre in Hradec Kr\u00e1lov\u00e9. Together with Daniel P\u0159ibyl and Michal Do\u010dekal, he won a tender for the management of the Municipal Theatres of Prague (from 2018).<\/p>\n<p style=\"text-align: justify;\">David Dr\u00e1bek is one of the most famous Czech theatre artists. His plays significantly criticise man whose humanity has dissolved in media and consumer reality. For his harsh reflections, he chooses the means of hyperbole, supported by inventive imagination that results in a seemingly bizarre plait, in which both conceivable and \u2018unthinkable\u2019 characters come together with those who have existing archetypes. His most acclaimed play is Aquabelles, a testimony of the impossibility of authentic life due to the commercialization and social medialisation, however it can also be understood as the author\u2019s contribution to the issue of male identity in a globalized world \u201awithout borders\u2018.<\/p>\n<p style=\"text-align: justify;\">The award-winning \u201aplay of immobility\u2018, The Coast of Bohemia (2007) addresses the crisis of aging married couple by an imaginary abduction of the tram by their son.<\/p>\n<p style=\"text-align: justify;\">In contrast to the burlesque story, the play deals with death as a moment of stereotyped, emptied, or otherwise stagnant survival. The main cause of \u201abeing dead alive\u2018 is the lack of communication that prevents man from aligning himself with himself and finding the right values. (L. Jungmannov\u00e1)<\/p>\n<p style=\"text-align: justify;\">David Drabek (1970) is an author and director in one, with a lushly developed fantasy vision. His heroes are getting older with him. There is obvious the deformation of reality according to the subjective view of heroes and their efforts to solve the crisis of young and middle age. He shows the hopes and disappointment belonging to different ages and to various social categories. His style is characterized by grotesque hyperbole, references to pop-culture and personal and general history. (J. Soprov\u00e1)<\/p>\n<p>&nbsp;<\/p>\n<div style=\"text-align: left;\">Author:\u00a0David Dr\u00e1bek<\/div>\n<div style=\"text-align: left;\"><\/div>\n<div style=\"text-align: left;\">Book: <a href=\"https:\/\/whateuropedreamsabout.com\/en\/david-drabek-ples-u-vodi\/\">Aquabelles<\/a><\/div>\n<div style=\"text-align: left;\"><\/div>\n<div style=\"text-align: left;\">Translation from Czech: <a href=\"https:\/\/whateuropedreamsabout.com\/en\/tihana-hamovic\/\">Tihana Hamovi\u0107<\/a><\/div>\n<div style=\"text-align: left;\"><\/div>\n<div style=\"text-align: left;\">Cover design: <a href=\"https:\/\/dinaradoman.wixsite.com\/dinaradoman\">Dina Radoman<\/a><\/div>\n<p>[\/vc_column_text][\/vc_column][\/vc_row]<\/p>\n<\/section>","protected":false},"excerpt":{"rendered":"<p>[vc_row][vc_column width=&#8221;1\/2&#8243;][vc_single_image image=&#8221;464&#8243; img_size=&#8221;large&#8221;][\/vc_column][vc_column width=&#8221;1\/2&#8243;][vc_column_text] David Dr\u00e1bek (1970). The playwright and stage director, David Dr\u00e1bek, graduated from film and theatre studies at the Philosophical Faculty of Palacky University in Olomouc. During his university studies he founded (together with Darek Kr\u00e1l) the Ho\u0159\u00edc\u00ed \u017eifara (Burning Giraffe) theatre studio that specialized in the genre of modern cabaret.&hellip; <br \/> <a class=\"button small blue\" href=\"https:\/\/whateuropedreamsabout.com\/en\/david-drabek\/\">Read more<\/a><\/p>\n","protected":false},"author":1,"featured_media":464,"parent":0,"menu_order":0,"comment_status":"closed","ping_status":"closed","template":"","meta":{"footnotes":""},"class_list":["post-682","page","type-page","status-publish","has-post-thumbnail","hentry"],"_links":{"self":[{"href":"https:\/\/whateuropedreamsabout.com\/en\/wp-json\/wp\/v2\/pages\/682","targetHints":{"allow":["GET"]}}],"collection":[{"href":"https:\/\/whateuropedreamsabout.com\/en\/wp-json\/wp\/v2\/pages"}],"about":[{"href":"https:\/\/whateuropedreamsabout.com\/en\/wp-json\/wp\/v2\/types\/page"}],"author":[{"embeddable":true,"href":"https:\/\/whateuropedreamsabout.com\/en\/wp-json\/wp\/v2\/users\/1"}],"replies":[{"embeddable":true,"href":"https:\/\/whateuropedreamsabout.com\/en\/wp-json\/wp\/v2\/comments?post=682"}],"version-history":[{"count":5,"href":"https:\/\/whateuropedreamsabout.com\/en\/wp-json\/wp\/v2\/pages\/682\/revisions"}],"predecessor-version":[{"id":794,"href":"https:\/\/whateuropedreamsabout.com\/en\/wp-json\/wp\/v2\/pages\/682\/revisions\/794"}],"wp:featuredmedia":[{"embeddable":true,"href":"https:\/\/whateuropedreamsabout.com\/en\/wp-json\/wp\/v2\/media\/464"}],"wp:attachment":[{"href":"https:\/\/whateuropedreamsabout.com\/en\/wp-json\/wp\/v2\/media?parent=682"}],"curies":[{"name":"wp","href":"https:\/\/api.w.org\/{rel}","templated":true}]}}